{"id":5,"date":"2019-02-01T15:09:45","date_gmt":"2019-02-01T14:09:45","guid":{"rendered":"https:\/\/emplois.francedefi.fr\/conseils\/?page_id=5"},"modified":"2019-02-01T15:09:45","modified_gmt":"2019-02-01T14:09:45","slug":"plan-du-site","status":"publish","type":"page","link":"https:\/\/emplois.francedefi.fr\/conseils\/plan-du-site\/","title":{"rendered":"Plan du site"},"content":{"rendered":"<div class=\"oct_sitemap_blog\"><ul><li><h2><a href=\"https:\/\/emplois.francedefi.fr\/conseils\/evenement\/\">\u00c9v\u00e9nement<\/a><\/h2><ul class=\"oct_sitemap_last\"><li><a href=\"https:\/\/emplois.francedefi.fr\/conseils\/evenement\/chez-france-defi-les-messages-forts-passent-par-le-jeu\/\">Chez France D\u00e9fi\u2026 les messages forts passent par le jeu<\/a><\/li><li><a href=\"https:\/\/emplois.francedefi.fr\/conseils\/evenement\/carrefour-collaborateurs-toulouse\/\">Carrefour Collaborateurs Toulouse<\/a><\/li><\/ul><\/li><li><h2><a href=\"https:\/\/emplois.francedefi.fr\/conseils\/management\/\">Management<\/a><\/h2><ul class=\"oct_sitemap_last\"><li><a href=\"https:\/\/emplois.francedefi.fr\/conseils\/management\/competences-cybersecurite-developper-responsables-informatiques\/\">Les comp\u00e9tences en cybers\u00e9curit\u00e9 que doivent d\u00e9velopper les responsables informatiques<\/a><\/li><li><a href=\"https:\/\/emplois.francedefi.fr\/conseils\/management\/alternants-pistes-denicher-contrat\/\">Alternants : 5 pistes pour d\u00e9nicher un contrat<\/a><\/li><li><a href=\"https:\/\/emplois.francedefi.fr\/conseils\/management\/engagement-caritatif-salaries\/\">\u00ab Quand on a le nez dans les chiffres et que l&rsquo;on travaille beaucoup, on peut avoir envie d&rsquo;\u00eatre utile autrement \u00bb<\/a><\/li><li><a href=\"https:\/\/emplois.francedefi.fr\/conseils\/management\/salaries-acteurs-developpement-entreprise\/\">Des salari\u00e9s acteurs du d\u00e9veloppement de l\u2019entreprise<\/a><\/li><li><a href=\"https:\/\/emplois.francedefi.fr\/conseils\/management\/france-defi-intelligence-collective\/\">France D\u00e9fi mise sur l&rsquo;intelligence collective<\/a><\/li><li><a href=\"https:\/\/emplois.francedefi.fr\/conseils\/management\/travailler-dans-les-rh\/\">\u00ab Travailler dans les RH, c\u2019est \u00eatre \u201cr\u00e9solument humain\u201d \u00bb<\/a><\/li><li><a href=\"https:\/\/emplois.francedefi.fr\/conseils\/management\/chez-france-defi-rh-signifie-richesses-humaines\/\">Chez France D\u00e9fi RH signifie Richesses Humaines<\/a><\/li><li><a href=\"https:\/\/emplois.francedefi.fr\/conseils\/management\/dire-je-ne-sais-pas-nest-plus-tabou\/\">Dire \u00ab Je ne sais pas \u00bb n&rsquo;est plus tabou<\/a><\/li><li><a href=\"https:\/\/emplois.francedefi.fr\/conseils\/management\/savoir-ecouter-pour-mieux-echanger\/\">Savoir \u00e9couter pour mieux \u00e9changer<\/a><\/li><li><a href=\"https:\/\/emplois.francedefi.fr\/conseils\/management\/lautre-nest-pas-le-reflet-de-soi\/\">L&rsquo;autre n&rsquo;est pas le reflet de soi<\/a><\/li><li><a href=\"https:\/\/emplois.francedefi.fr\/conseils\/management\/faire-de-lechec-un-atout\/\">Faire de l\u2019\u00e9chec un atout<\/a><\/li><li><a href=\"https:\/\/emplois.francedefi.fr\/conseils\/management\/savoir-annoncer-une-competence-a-ne-pas-negliger\/\">Savoir annoncer, une comp\u00e9tence \u00e0 ne pas n\u00e9gliger<\/a><\/li><li><a href=\"https:\/\/emplois.francedefi.fr\/conseils\/management\/plus-de-partage-moins-de-surmenage\/\">Plus de partage, moins de surmenage<\/a><\/li><li><a href=\"https:\/\/emplois.francedefi.fr\/conseils\/management\/savoir-faire-un-feedback-cest-important\/\">Savoir faire un feedback, c&rsquo;est important&nbsp;!<\/a><\/li><li><a href=\"https:\/\/emplois.francedefi.fr\/conseils\/management\/oser-sortir-du-cadre\/\">Oser sortir du cadre<\/a><\/li><li><a href=\"https:\/\/emplois.francedefi.fr\/conseils\/management\/developper-esprit-equipe-entreprise\/\">D\u00e9velopper l&rsquo;esprit d&rsquo;\u00e9quipe en entreprise, c&rsquo;est notre philosophie&nbsp;!<\/a><\/li><li><a href=\"https:\/\/emplois.francedefi.fr\/conseils\/management\/expert-comptable-et-si-ce-netait-pas-ce-que-vous-pensiez\/\">Expert-comptable : et si ce n&rsquo;\u00e9tait pas ce que vous pensiez&nbsp;<\/a><\/li><li><a href=\"https:\/\/emplois.francedefi.fr\/conseils\/management\/jouer-pour-mieux-manager\/\">Jouer pour mieux manager<\/a><\/li><li><a href=\"https:\/\/emplois.francedefi.fr\/conseils\/management\/recrutement-les-tendances-du-marche-chez-les-experts-comptables\/\">Recrutement : les tendances du march\u00e9 chez les experts-comptables<\/a><\/li><\/ul><\/li><li><h2><a href=\"https:\/\/emplois.francedefi.fr\/conseils\/recherche-emploi\/\">Recherche d'emploi<\/a><\/h2><ul class=\"oct_sitemap_last\"><li><a href=\"https:\/\/emplois.francedefi.fr\/conseils\/recherche-emploi\/transformez-votre-relance-en-atout-professionnel\/\">Transformez votre relance en atout professionnel<\/a><\/li><li><a href=\"https:\/\/emplois.francedefi.fr\/conseils\/recherche-emploi\/sachez-decrypter-une-offre-demploi-pour-mieux-cibler-votre-candidature\/\">Sachez d\u00e9crypter une offre d\u2019emploi pour mieux cibler votre candidature<\/a><\/li><li><a href=\"https:\/\/emplois.francedefi.fr\/conseils\/recherche-emploi\/reussissez-votre-candidature-spontanee\/\">R\u00e9ussissez votre candidature spontan\u00e9e<\/a><\/li><li><a href=\"https:\/\/emplois.francedefi.fr\/conseils\/recherche-emploi\/apprentissage-faites-de-votre-age-un-atout-pour-lemployeur\/\">Apprentissage : faites de votre \u00e2ge un atout pour l\u2019employeur<\/a><\/li><li><a href=\"https:\/\/emplois.francedefi.fr\/conseils\/recherche-emploi\/premier-emploi-comment-valoriser-vos-competences-au-dela-du-diplome\/\">Premier emploi : comment valoriser vos comp\u00e9tences au-del\u00e0 du dipl\u00f4me<\/a><\/li><li><a href=\"https:\/\/emplois.francedefi.fr\/conseils\/recherche-emploi\/refuser-une-offre-demploi-sans-se-fermer-de-portes-ayez-les-bons-reflexes\/\">Refuser une offre d\u2019emploi sans se fermer de portes : ayez les bons r\u00e9flexes<\/a><\/li><li><a href=\"https:\/\/emplois.francedefi.fr\/conseils\/recherche-emploi\/jusquou-vous-renseigner-sur-une-entreprise-recruteuse\/\">Jusqu\u2019o\u00f9 vous renseigner sur une entreprise recruteuse\u00a0<\/a><\/li><li><a href=\"https:\/\/emplois.francedefi.fr\/conseils\/recherche-emploi\/comment-vous-preparer-aux-tests-psychotechniques\/\">Comment vous pr\u00e9parer aux tests psychotechniques\u00a0<\/a><\/li><li><a href=\"https:\/\/emplois.francedefi.fr\/conseils\/recherche-emploi\/refus-de-candidature-pourquoi-vous-avez-tout-a-gagner-a-demander-un-retour\/\">Refus de candidature : pourquoi vous avez (tout) \u00e0 gagner \u00e0 demander un retour<\/a><\/li><li><a href=\"https:\/\/emplois.francedefi.fr\/conseils\/recherche-emploi\/comment-parler-de-son-handicap-en-entretien-dembauche\/\">Comment parler de son handicap en entretien d\u2019embauche&nbsp;<\/a><\/li><li><a href=\"https:\/\/emplois.francedefi.fr\/conseils\/recherche-emploi\/comment-valoriser-votre-reconversion-professionnelle\/\">Comment valoriser votre reconversion professionnelle\u00a0<\/a><\/li><li><a href=\"https:\/\/emplois.francedefi.fr\/conseils\/recherche-emploi\/recherche-demploi-comment-rester-motive-dans-la-duree\/\">Recherche d\u2019emploi\u202f: comment rester motiv\u00e9 dans la dur\u00e9e\u202f<\/a><\/li><li><a href=\"https:\/\/emplois.francedefi.fr\/conseils\/recherche-emploi\/trop-experimente-comment-valoriser-votre-experience-sans-effrayer-le-recruteur\/\">Trop exp\u00e9riment\u00e9&nbsp; Comment valoriser votre exp\u00e9rience sans effrayer le recruteur<\/a><\/li><li><a href=\"https:\/\/emplois.francedefi.fr\/conseils\/recherche-emploi\/parler-remuneration-un-point-incontournable-de-lentretien-dembauche\/\">Parler r\u00e9mun\u00e9ration, un point incontournable de l\u2019entretien d\u2019embauche<\/a><\/li><li><a href=\"https:\/\/emplois.francedefi.fr\/conseils\/recherche-emploi\/le-cv-anonyme-comment-ca-marche\/\">Le CV anonyme, comment \u00e7a marche&nbsp;<\/a><\/li><li><a href=\"https:\/\/emplois.francedefi.fr\/conseils\/recherche-emploi\/valoriser-sa-demission-ou-son-licenciement-en-entretien-dembauche-cest-possible\/\">Valoriser sa d\u00e9mission ou son licenciement en entretien d\u2019embauche, c\u2019est possible<\/a><\/li><li><a href=\"https:\/\/emplois.francedefi.fr\/conseils\/recherche-emploi\/quels-avantages-a-candidater-aupres-dune-entreprise-membre-dun-groupement\/\">Quels avantages \u00e0 candidater aupr\u00e8s d\u2019une entreprise membre d\u2019un groupement&nbsp;<\/a><\/li><li><a href=\"https:\/\/emplois.francedefi.fr\/conseils\/recherche-emploi\/rediger-un-cv-compatible-avec-les-nouveaux-outils-ia\/\">R\u00e9diger un CV compatible avec les nouveaux outils IA<\/a><\/li><li><a href=\"https:\/\/emplois.francedefi.fr\/conseils\/recherche-emploi\/comment-optimiser-votre-bilan-de-competences-pour-un-entretien\/\">Comment optimiser votre bilan de comp\u00e9tences pour un entretien&nbsp;<\/a><\/li><li><a href=\"https:\/\/emplois.francedefi.fr\/conseils\/recherche-emploi\/5-conseils-pour-votre-lettre-de-motivation\/\">5 conseils pour votre lettre de motivation<\/a><\/li><li><a href=\"https:\/\/emplois.francedefi.fr\/conseils\/recherche-emploi\/connaitre-les-nouvelles-regles-pour-les-cdi-apres-un-cdd-ou-une-mission-dinterim\/\">Conna\u00eetre les nouvelles r\u00e8gles pour les CDI apr\u00e8s un CDD ou une mission d&rsquo;int\u00e9rim<\/a><\/li><li><a href=\"https:\/\/emplois.francedefi.fr\/conseils\/recherche-emploi\/les-reseaux-sociaux-un-allie-incontournable-dans-la-recherche-demploi\/\">Les r\u00e9seaux sociaux : un alli\u00e9 incontournable dans la recherche d&#8217;emploi<\/a><\/li><li><a href=\"https:\/\/emplois.francedefi.fr\/conseils\/recherche-emploi\/job-dating-avantages-et-inconvenients-pour-les-candidats\/\">Job dating : avantages et inconv\u00e9nients pour les candidats<\/a><\/li><li><a href=\"https:\/\/emplois.francedefi.fr\/conseils\/recherche-emploi\/comment-lire-entre-les-lignes-dune-offre-demploi\/\">Comment lire entre les lignes d&rsquo;une offre d&#8217;emploi<\/a><\/li><li><a href=\"https:\/\/emplois.francedefi.fr\/conseils\/recherche-emploi\/comment-lia-transforme-le-recrutement\/\">Comment l&rsquo;IA transforme le recrutement<\/a><\/li><li><a href=\"https:\/\/emplois.francedefi.fr\/conseils\/recherche-emploi\/sadapter-a-linterlocuteur-en-entretien-rh-ceo-et-managers\/\">S&rsquo;adapter \u00e0 l&rsquo;interlocuteur en entretien : RH, CEO et Managers<\/a><\/li><li><a href=\"https:\/\/emplois.francedefi.fr\/conseils\/recherche-emploi\/maximiser-vos-opportunites-grace-aux-formations-professionnelles\/\">Maximiser vos opportunit\u00e9s gr\u00e2ce aux formations professionnelles<\/a><\/li><li><a href=\"https:\/\/emplois.francedefi.fr\/conseils\/recherche-emploi\/comment-identifier-son-poste-ideal-selon-la-methode-ikigai-dans-les-metiers-de-lexpertise-comptable\/\">Comment identifier son poste id\u00e9al selon la m\u00e9thode Ikiga\u00ef dans les m\u00e9tiers de l\u2019expertise comptable&nbsp;<\/a><\/li><li><a href=\"https:\/\/emplois.francedefi.fr\/conseils\/recherche-emploi\/postuler-en-ete-ou-attendre-la-rentree-5-choses-a-savoir-pour-prendre-sa-decision\/\">Postuler en \u00e9t\u00e9 ou attendre la rentr\u00e9e : 5 choses \u00e0 savoir pour prendre sa d\u00e9cision<\/a><\/li><li><a href=\"https:\/\/emplois.francedefi.fr\/conseils\/recherche-emploi\/chomage-de-longue-duree-des-conseils-pour-traverser-cette-epreuve\/\">Ch\u00f4mage de longue dur\u00e9e : des conseils pour traverser cette \u00e9preuve<\/a><\/li><li><a href=\"https:\/\/emplois.francedefi.fr\/conseils\/recherche-emploi\/controler-ses-tics-de-langage-lors-dun-entretien\/\">Contr\u00f4ler ses tics de langage lors d\u2019un entretien<\/a><\/li><li><a href=\"https:\/\/emplois.francedefi.fr\/conseils\/recherche-emploi\/se-preparer-a-un-second-entretien\/\">Se pr\u00e9parer \u00e0 un second entretien<\/a><\/li><li><a href=\"https:\/\/emplois.francedefi.fr\/conseils\/recherche-emploi\/candidature-spontanee-5-conseils-pour-bien-la-gerer\/\">Candidature spontan\u00e9e : 5 conseils pour bien la g\u00e9rer<\/a><\/li><li><a href=\"https:\/\/emplois.francedefi.fr\/conseils\/recherche-emploi\/comment-repostuler-dans-une-entreprise-apres-un-entretien-rate\/\">Comment repostuler dans une entreprise apr\u00e8s un entretien rat\u00e9&nbsp;<\/a><\/li><li><a href=\"https:\/\/emplois.francedefi.fr\/conseils\/recherche-emploi\/recherche-demploi-contacter-directement-un-manageur-est-ce-une-bonne-idee\/\">Recherche d\u2019emploi : contacter directement un manageur, est-ce une bonne id\u00e9e&nbsp;<\/a><\/li><li><a href=\"https:\/\/emplois.francedefi.fr\/conseils\/recherche-emploi\/comment-postuler-quand-pas-exactement-le-bon-profil\/\">Comment postuler quand on n\u2019a pas exactement le bon profil&nbsp;<\/a><\/li><li><a href=\"https:\/\/emplois.francedefi.fr\/conseils\/recherche-emploi\/comment-optimiser-son-profil-linkedin-pour-postuler\/\">Comment optimiser son profil LinkedIn pour postuler&nbsp;<\/a><\/li><li><a href=\"https:\/\/emplois.francedefi.fr\/conseils\/recherche-emploi\/quelles-sont-les-bonnes-questions-a-poser-lors-dun-entretien\/\">Quelles sont les bonnes questions \u00e0 poser lors d\u2019un entretien&nbsp;<\/a><\/li><li><a href=\"https:\/\/emplois.francedefi.fr\/conseils\/recherche-emploi\/syndrome-de-l-imposteur\/\">Syndrome de l\u2019imposteur : comment le combattre&nbsp;<\/a><\/li><li><a href=\"https:\/\/emplois.francedefi.fr\/conseils\/recherche-emploi\/prise-de-references\/\">Prise de r\u00e9f\u00e9rences : \u00e0 quoi vous attendre&nbsp;<\/a><\/li><li><a href=\"https:\/\/emplois.francedefi.fr\/conseils\/recherche-emploi\/4-conseils-pour-bien-gerer-sa-periode-dessai-sans-stress\/\">4 conseils pour bien g\u00e9rer sa p\u00e9riode d\u2019essai (sans stress)<\/a><\/li><li><a href=\"https:\/\/emplois.francedefi.fr\/conseils\/recherche-emploi\/recruteur-autres-pistes\/\">Faut-il dire \u00e0 un recruteur que l\u2019on a d\u2019autres pistes&nbsp;<\/a><\/li><li><a href=\"https:\/\/emplois.francedefi.fr\/conseils\/recherche-emploi\/gestes-trahissent-en-entretien\/\">Ces gestes qui nous trahissent en entretien<\/a><\/li><li><a href=\"https:\/\/emplois.francedefi.fr\/conseils\/recherche-emploi\/cinq-trucs-ameliorer-son-orthographe\/\">Cinq trucs pour am\u00e9liorer son orthographe \u00e0 tout \u00e2ge<\/a><\/li><li><a href=\"https:\/\/emplois.francedefi.fr\/conseils\/recherche-emploi\/parler-de-son-ambition-en-entretien\/\">Parler de son ambition lors d&rsquo;un entretien<\/a><\/li><li><a href=\"https:\/\/emplois.francedefi.fr\/conseils\/recherche-emploi\/reporting-extra-financier-une-competence-a-suivre\/\">Reporting extra-financier : une comp\u00e9tence \u00e0 suivre<\/a><\/li><li><a href=\"https:\/\/emplois.francedefi.fr\/conseils\/recherche-emploi\/candidat-senior-comment-valoriser-experience\/\">Candidat senior :  comment valoriser votre exp\u00e9rience&nbsp;<\/a><\/li><li><a href=\"https:\/\/emplois.francedefi.fr\/conseils\/recherche-emploi\/recrutement-intelligence-artificielle-candidats\/\">Recrutement : que change l&rsquo;intelligence artificielle pour les candidats&nbsp;<\/a><\/li><li><a href=\"https:\/\/emplois.francedefi.fr\/conseils\/recherche-emploi\/utiliser-son-cpf-se-perfectionner\/\">Utiliser son CPF pour se perfectionner<\/a><\/li><li><a href=\"https:\/\/emplois.francedefi.fr\/conseils\/recherche-emploi\/methode-star-preparer-entretien-embauche\/\">La m\u00e9thode STAR : un bon moyen pour pr\u00e9parer un entretien d\u2019embauche&nbsp;<\/a><\/li><li><a href=\"https:\/\/emplois.francedefi.fr\/conseils\/recherche-emploi\/entretien-embauche-5-questions-preparer\/\">Entretien d\u2019embauche : les 5 questions auxquelles se pr\u00e9parer<\/a><\/li><li><a href=\"https:\/\/emplois.francedefi.fr\/conseils\/recherche-emploi\/alternant-arguments-convaincre-employeur\/\">Alternant : 5 arguments pour convaincre un employeur<\/a><\/li><li><a href=\"https:\/\/emplois.francedefi.fr\/conseils\/recherche-emploi\/formations-nouveaute-demandeurs-emploi\/\">Formations : du nouveau pour les demandeurs d\u2019emploi<\/a><\/li><li><a href=\"https:\/\/emplois.francedefi.fr\/conseils\/recherche-emploi\/entretien-embauche-telephone-preparer\/\">Entretien d\u2019embauche par t\u00e9l\u00e9phone : comment bien se pr\u00e9parer&nbsp;<\/a><\/li><li><a href=\"https:\/\/emplois.francedefi.fr\/conseils\/recherche-emploi\/entretien-embauche-visioconference-erreurs-eviter\/\">Entretien d\u2019embauche en visioconf\u00e9rence : les 5 erreurs \u00e0 \u00e9viter<\/a><\/li><li><a href=\"https:\/\/emplois.francedefi.fr\/conseils\/recherche-emploi\/soft-skills-le-coronavirus-a-t-il-change-la-donne\/\">Soft skills : le coronavirus a-t-il chang\u00e9 la donne&nbsp;<\/a><\/li><li><a href=\"https:\/\/emplois.francedefi.fr\/conseils\/recherche-emploi\/coronavirus-recrutement-en-periode-de-confinement\/\">Coronavirus : Le recrutement en p\u00e9riode de confinement<\/a><\/li><\/ul><\/li><\/ul><\/div><\/div>\n","protected":false},"excerpt":{"rendered":"","protected":false},"author":1,"featured_media":0,"parent":0,"menu_order":0,"comment_status":"closed","ping_status":"closed","template":"","meta":{"footnotes":""},"class_list":["post-5","page","type-page","status-publish","hentry"],"yoast_head":"<!-- This site is optimized with the Yoast SEO plugin v27.4 - https:\/\/yoast.com\/product\/yoast-seo-wordpress\/ -->\n<title>Plan du site - France D\u00e9fi Emplois<\/title>\n<meta name=\"robots\" content=\"index, follow, max-snippet:-1, max-image-preview:large, max-video-preview:-1\" \/>\n<link rel=\"canonical\" href=\"https:\/\/emplois.francedefi.fr\/conseils\/plan-du-site\/\" \/>\n<meta property=\"og:locale\" content=\"fr_FR\" \/>\n<meta property=\"og:type\" content=\"article\" \/>\n<meta property=\"og:title\" content=\"Plan du site - France D\u00e9fi Emplois\" \/>\n<meta property=\"og:url\" content=\"https:\/\/emplois.francedefi.fr\/conseils\/plan-du-site\/\" \/>\n<meta property=\"og:site_name\" content=\"France D\u00e9fi Emplois\" \/>\n<meta name=\"twitter:card\" content=\"summary_large_image\" \/>\n<script type=\"application\/ld+json\" class=\"yoast-schema-graph\">{\"@context\":\"https:\\\/\\\/schema.org\",\"@graph\":[{\"@type\":\"WebPage\",\"@id\":\"https:\\\/\\\/emplois.francedefi.fr\\\/conseils\\\/plan-du-site\\\/\",\"url\":\"https:\\\/\\\/emplois.francedefi.fr\\\/conseils\\\/plan-du-site\\\/\",\"name\":\"Plan du site - France D\u00e9fi Emplois\",\"isPartOf\":{\"@id\":\"https:\\\/\\\/emplois.francedefi.fr\\\/conseils\\\/#website\"},\"datePublished\":\"2019-02-01T14:09:45+00:00\",\"breadcrumb\":{\"@id\":\"https:\\\/\\\/emplois.francedefi.fr\\\/conseils\\\/plan-du-site\\\/#breadcrumb\"},\"inLanguage\":\"fr-FR\",\"potentialAction\":[{\"@type\":\"ReadAction\",\"target\":[\"https:\\\/\\\/emplois.francedefi.fr\\\/conseils\\\/plan-du-site\\\/\"]}]},{\"@type\":\"BreadcrumbList\",\"@id\":\"https:\\\/\\\/emplois.francedefi.fr\\\/conseils\\\/plan-du-site\\\/#breadcrumb\",\"itemListElement\":[{\"@type\":\"ListItem\",\"position\":1,\"name\":\"Accueil\",\"item\":\"https:\\\/\\\/emplois.francedefi.fr\\\/\"},{\"@type\":\"ListItem\",\"position\":2,\"name\":\"Conseils\",\"item\":\"https:\\\/\\\/emplois.francedefi.fr\\\/conseils\\\/\"},{\"@type\":\"ListItem\",\"position\":3,\"name\":\"Plan du site\"}]},{\"@type\":\"WebSite\",\"@id\":\"https:\\\/\\\/emplois.francedefi.fr\\\/conseils\\\/#website\",\"url\":\"https:\\\/\\\/emplois.francedefi.fr\\\/conseils\\\/\",\"name\":\"France D\u00e9fi Emplois\",\"description\":\"Les cabinets membres de France D\u00e9fi recrutent chaque ann\u00e9e 1000 collaborateurs\",\"publisher\":{\"@id\":\"https:\\\/\\\/emplois.francedefi.fr\\\/conseils\\\/#organization\"},\"potentialAction\":[{\"@type\":\"SearchAction\",\"target\":{\"@type\":\"EntryPoint\",\"urlTemplate\":\"https:\\\/\\\/emplois.francedefi.fr\\\/conseils\\\/?s={search_term_string}\"},\"query-input\":{\"@type\":\"PropertyValueSpecification\",\"valueRequired\":true,\"valueName\":\"search_term_string\"}}],\"inLanguage\":\"fr-FR\"},{\"@type\":\"Organization\",\"@id\":\"https:\\\/\\\/emplois.francedefi.fr\\\/conseils\\\/#organization\",\"name\":\"France D\u00e9fi Emplois\",\"url\":\"https:\\\/\\\/emplois.francedefi.fr\\\/conseils\\\/\",\"logo\":{\"@type\":\"ImageObject\",\"inLanguage\":\"fr-FR\",\"@id\":\"https:\\\/\\\/emplois.francedefi.fr\\\/conseils\\\/#\\\/schema\\\/logo\\\/image\\\/\",\"url\":\"https:\\\/\\\/emplois.francedefi.fr\\\/conseils\\\/wp-content\\\/uploads\\\/2019\\\/02\\\/recrutement-cabinet-comptable.png\",\"contentUrl\":\"https:\\\/\\\/emplois.francedefi.fr\\\/conseils\\\/wp-content\\\/uploads\\\/2019\\\/02\\\/recrutement-cabinet-comptable.png\",\"width\":629,\"height\":71,\"caption\":\"France D\u00e9fi Emplois\"},\"image\":{\"@id\":\"https:\\\/\\\/emplois.francedefi.fr\\\/conseils\\\/#\\\/schema\\\/logo\\\/image\\\/\"}}]}<\/script>\n<!-- \/ Yoast SEO plugin. -->","yoast_head_json":{"title":"Plan du site - France D\u00e9fi Emplois","robots":{"index":"index","follow":"follow","max-snippet":"max-snippet:-1","max-image-preview":"max-image-preview:large","max-video-preview":"max-video-preview:-1"},"canonical":"https:\/\/emplois.francedefi.fr\/conseils\/plan-du-site\/","og_locale":"fr_FR","og_type":"article","og_title":"Plan du site - France D\u00e9fi Emplois","og_url":"https:\/\/emplois.francedefi.fr\/conseils\/plan-du-site\/","og_site_name":"France D\u00e9fi Emplois","twitter_card":"summary_large_image","schema":{"@context":"https:\/\/schema.org","@graph":[{"@type":"WebPage","@id":"https:\/\/emplois.francedefi.fr\/conseils\/plan-du-site\/","url":"https:\/\/emplois.francedefi.fr\/conseils\/plan-du-site\/","name":"Plan du site - France D\u00e9fi Emplois","isPartOf":{"@id":"https:\/\/emplois.francedefi.fr\/conseils\/#website"},"datePublished":"2019-02-01T14:09:45+00:00","breadcrumb":{"@id":"https:\/\/emplois.francedefi.fr\/conseils\/plan-du-site\/#breadcrumb"},"inLanguage":"fr-FR","potentialAction":[{"@type":"ReadAction","target":["https:\/\/emplois.francedefi.fr\/conseils\/plan-du-site\/"]}]},{"@type":"BreadcrumbList","@id":"https:\/\/emplois.francedefi.fr\/conseils\/plan-du-site\/#breadcrumb","itemListElement":[{"@type":"ListItem","position":1,"name":"Accueil","item":"https:\/\/emplois.francedefi.fr\/"},{"@type":"ListItem","position":2,"name":"Conseils","item":"https:\/\/emplois.francedefi.fr\/conseils\/"},{"@type":"ListItem","position":3,"name":"Plan du site"}]},{"@type":"WebSite","@id":"https:\/\/emplois.francedefi.fr\/conseils\/#website","url":"https:\/\/emplois.francedefi.fr\/conseils\/","name":"France D\u00e9fi Emplois","description":"Les cabinets membres de France D\u00e9fi recrutent chaque ann\u00e9e 1000 collaborateurs","publisher":{"@id":"https:\/\/emplois.francedefi.fr\/conseils\/#organization"},"potentialAction":[{"@type":"SearchAction","target":{"@type":"EntryPoint","urlTemplate":"https:\/\/emplois.francedefi.fr\/conseils\/?s={search_term_string}"},"query-input":{"@type":"PropertyValueSpecification","valueRequired":true,"valueName":"search_term_string"}}],"inLanguage":"fr-FR"},{"@type":"Organization","@id":"https:\/\/emplois.francedefi.fr\/conseils\/#organization","name":"France D\u00e9fi Emplois","url":"https:\/\/emplois.francedefi.fr\/conseils\/","logo":{"@type":"ImageObject","inLanguage":"fr-FR","@id":"https:\/\/emplois.francedefi.fr\/conseils\/#\/schema\/logo\/image\/","url":"https:\/\/emplois.francedefi.fr\/conseils\/wp-content\/uploads\/2019\/02\/recrutement-cabinet-comptable.png","contentUrl":"https:\/\/emplois.francedefi.fr\/conseils\/wp-content\/uploads\/2019\/02\/recrutement-cabinet-comptable.png","width":629,"height":71,"caption":"France D\u00e9fi Emplois"},"image":{"@id":"https:\/\/emplois.francedefi.fr\/conseils\/#\/schema\/logo\/image\/"}}]}},"_links":{"self":[{"href":"https:\/\/emplois.francedefi.fr\/conseils\/wp-json\/wp\/v2\/pages\/5","targetHints":{"allow":["GET"]}}],"collection":[{"href":"https:\/\/emplois.francedefi.fr\/conseils\/wp-json\/wp\/v2\/pages"}],"about":[{"href":"https:\/\/emplois.francedefi.fr\/conseils\/wp-json\/wp\/v2\/types\/page"}],"author":[{"embeddable":true,"href":"https:\/\/emplois.francedefi.fr\/conseils\/wp-json\/wp\/v2\/users\/1"}],"replies":[{"embeddable":true,"href":"https:\/\/emplois.francedefi.fr\/conseils\/wp-json\/wp\/v2\/comments?post=5"}],"version-history":[{"count":1,"href":"https:\/\/emplois.francedefi.fr\/conseils\/wp-json\/wp\/v2\/pages\/5\/revisions"}],"predecessor-version":[{"id":7,"href":"https:\/\/emplois.francedefi.fr\/conseils\/wp-json\/wp\/v2\/pages\/5\/revisions\/7"}],"wp:attachment":[{"href":"https:\/\/emplois.francedefi.fr\/conseils\/wp-json\/wp\/v2\/media?parent=5"}],"curies":[{"name":"wp","href":"https:\/\/api.w.org\/{rel}","templated":true}]}}